{"id":32,"date":"2014-04-01T00:05:18","date_gmt":"2014-03-31T22:05:18","guid":{"rendered":"http:\/\/baublog.schmetz.info\/?page_id=32"},"modified":"2015-08-23T09:09:41","modified_gmt":"2015-08-23T07:09:41","slug":"kosten","status":"publish","type":"page","link":"https:\/\/baublog.schmetz.info\/?page_id=32","title":{"rendered":"Kosten"},"content":{"rendered":"<p>Hier werden die anfallenden Kosten aufgelistet, die vor und w\u00e4hrend der Bauphase anfallen.<\/p>\n<p>Wir haben und entschlossen die Kosten zu ver\u00f6ffentlichen, da uns bei unseren Recherchen und auch durchlesen von Baublogs eigentlich immer die Information fehlte, was welcher Posten kosten wird. Gerade im Vorfeld ist es schwierig von den unterschiedlichen Stellen eine Kostenauskunft zu erhalten, da man gerne vorher immer einen Vertrag aufgesetzt haben m\u00f6chte. Wir hoffen also hiermit dem ein oder anderen bei der Planung ein St\u00fcck helfen zu k\u00f6nne.<\/p>\n<p>Zugrundegelegt werden die angaben von Town&amp; Country f\u00fcr ein schl\u00fcsselfertiges Massivhaus ab 115.790 \u20ac im Landkreis Aachen und ein Grundst\u00fcck im Besitz mit 500qm\u00b2 in Aachen Forst.<\/p>\n<p>Was alles am ende wohl wirklich kostet?<\/p>\n<table width=\"650\">\n<tbody>\n<tr>\n<td width=\"100\"><\/td>\n<td width=\"345\"><\/td>\n<td width=\"70\">Gesamt:<\/td>\n<td style=\"text-align: right;\" width=\"90\">151.615,46 \u20ac<\/td>\n<\/tr>\n<tr>\n<td><\/td>\n<td><\/td>\n<td><\/td>\n<td><\/td>\n<\/tr>\n<tr>\n<td><b>Wo<\/b><\/td>\n<td><b>Was<\/b><\/td>\n<td><b>Datum<\/b><\/td>\n<td><b>Preis<\/b><\/td>\n<\/tr>\n<tr>\n<td>Obi<\/td>\n<td>Staubmaske, Arbeitshandschuhe, 120l Abfalls\u00e4cke<\/td>\n<td>24.04.2014<\/td>\n<td style=\"text-align: right;\">19,97 \u20ac<\/td>\n<\/tr>\n<tr>\n<td>Letters &amp; More<\/td>\n<td>Amtliche M\u00fclls\u00e4cke<\/td>\n<td>26.04.2014<\/td>\n<td style=\"text-align: right;\">15,00 \u20ac<\/td>\n<\/tr>\n<tr>\n<td>APAG<\/td>\n<td>Bauamt Parkgeb\u00fchr<\/td>\n<td>26.04.2014<\/td>\n<td style=\"text-align: right;\">1,50 \u20ac<\/td>\n<\/tr>\n<tr>\n<td>Obi<\/td>\n<td>Abdeckflies, Gewebeplane, Cuttermesser<\/td>\n<td>29.04.2014<\/td>\n<td style=\"text-align: right;\">16,99 \u20ac<\/td>\n<\/tr>\n<tr>\n<td>Obi<\/td>\n<td>Schubkarre<\/td>\n<td>06.05.2014<\/td>\n<td style=\"text-align: right;\">22,97 \u20ac<\/td>\n<\/tr>\n<tr>\n<td>APAG<\/td>\n<td>Bauamt Parkgeb\u00fchr<\/td>\n<td>07.05.2014<\/td>\n<td style=\"text-align: right;\">1,50 \u20ac<\/td>\n<\/tr>\n<tr>\n<td>Obi<\/td>\n<td>Handschuhe, 140l Abfalls\u00e4cke<\/td>\n<td>06.06.2014<\/td>\n<td style=\"text-align: right;\">13,97 \u20ac<\/td>\n<\/tr>\n<tr>\n<td>Obi<\/td>\n<td>Brecheisen, Vorschlaghammer, Schutzbrille, M\u00fclls\u00e4cke<\/td>\n<td>29.05.2014<\/td>\n<td style=\"text-align: right;\">34,46 \u20ac<\/td>\n<\/tr>\n<tr>\n<td>Obi<\/td>\n<td>140l Abfalls\u00e4cke<\/td>\n<td>30.05.2014<\/td>\n<td style=\"text-align: right;\">4,99 \u20ac<\/td>\n<\/tr>\n<tr>\n<td>Obi<\/td>\n<td>Schubkarre &amp; Ma\u00dfband<\/td>\n<td>17.06.2014<\/td>\n<td style=\"text-align: right;\">27,98 \u20ac<\/td>\n<\/tr>\n<tr>\n<td>Obi<\/td>\n<td>Arbeitshandschuhe<\/td>\n<td>17.06.2014<\/td>\n<td style=\"text-align: right;\">2,99 \u20ac<\/td>\n<\/tr>\n<tr>\n<td>Obi<\/td>\n<td>Arbeitshandschuhe, Sicherheitsset<\/td>\n<td>14.06.2014<\/td>\n<td style=\"text-align: right;\">10,98 \u20ac<\/td>\n<\/tr>\n<tr>\n<td>Bauhaus<\/td>\n<td>Schwerer Abrisshammer 30kg<\/td>\n<td>23.06.2014<\/td>\n<td style=\"text-align: right;\">125,30 \u20ac<\/td>\n<\/tr>\n<tr>\n<td>horsch<\/td>\n<td>Containerdienste<\/td>\n<td>27.06.2014<\/td>\n<td style=\"text-align: right;\">1.055,51 \u20ac<\/td>\n<\/tr>\n<tr>\n<td>APAG<\/td>\n<td>Bauamt Parkgeb\u00fchr<\/td>\n<td>03.07.2014<\/td>\n<td style=\"text-align: right;\">3,00 \u20ac<\/td>\n<\/tr>\n<tr>\n<td>Grundst\u00fcck<\/td>\n<td>Baum f\u00e4llen<\/td>\n<td>05.08.2014<\/td>\n<td style=\"text-align: right;\">150,00 \u20ac<\/td>\n<\/tr>\n<tr>\n<td>Bauaufsicht<\/td>\n<td>Teilungsgenehmigung<\/td>\n<td>06.08.2014<\/td>\n<td style=\"text-align: right;\">100,00 \u20ac<\/td>\n<\/tr>\n<tr>\n<td>Katasteramt<\/td>\n<td>\u00dcbernahme Vermessungsschriften<\/td>\n<td>04.09.2014<\/td>\n<td style=\"text-align: right;\">540,00 \u20ac<\/td>\n<\/tr>\n<tr>\n<td>Vermessungsingenieur<\/td>\n<td>Teilung des Grundst\u00fccks<\/td>\n<td>09.09.2014<\/td>\n<td style=\"text-align: right;\">3101,14 \u20ac<\/td>\n<\/tr>\n<tr>\n<td>Notariat<\/td>\n<td>Erbauseinandersetzung<\/td>\n<td>17.10.2014<\/td>\n<td style=\"text-align: right;\">977,29 \u20ac<\/td>\n<\/tr>\n<tr>\n<td>Notariat<\/td>\n<td>\u00dcbertragungsurkunde<\/td>\n<td>17.10.2014<\/td>\n<td style=\"text-align: right;\">496,35 \u20ac<\/td>\n<\/tr>\n<tr>\n<td>Notariat<\/td>\n<td>Grundschuldbestellung<\/td>\n<td>21.10.2014<\/td>\n<td style=\"text-align: right;\">467,97 \u20ac<\/td>\n<\/tr>\n<tr>\n<td>Kohl Leihger\u00e4te<\/td>\n<td>Industrieh\u00e4cksler<\/td>\n<td>25.10.2014<\/td>\n<td style=\"text-align: right;\">168,80 \u20ac<\/td>\n<\/tr>\n<tr>\n<td>Obi<\/td>\n<td>Dachumbau Abstellraum<\/td>\n<td>29.11.2014<\/td>\n<td style=\"text-align: right;\">125,14<\/td>\n<\/tr>\n<tr>\n<td>Gerichtskasse K\u00f6ln<\/td>\n<td>Grundbuch\u00e4nderungen<\/td>\n<td>13.12.2014<\/td>\n<td style=\"text-align: right;\">957,90 \u20ac<\/td>\n<\/tr>\n<tr>\n<td>Town &amp; Country<\/td>\n<td>Rate 1<\/td>\n<td>15.12.2014<\/td>\n<td style=\"text-align: right;\">3.858,51 \u20ac<\/td>\n<\/tr>\n<tr>\n<td>Town &amp; Country<\/td>\n<td>Rate 2<\/td>\n<td>15.12.2014<\/td>\n<td style=\"text-align: right;\">9.003,19 \u20ac<\/td>\n<\/tr>\n<tr>\n<td>Ing. DiBa<\/td>\n<td>Zinsen<\/td>\n<td>30.12.2014<\/td>\n<td style=\"text-align: right;\">15,46 \u20ac<\/td>\n<\/tr>\n<tr>\n<td>Aldi<\/td>\n<td>Deckenlampe Flur<\/td>\n<td>17.01.2015<\/td>\n<td style=\"text-align: right;\">39,90 \u20ac<\/td>\n<\/tr>\n<tr>\n<td>Ing. DiBa<\/td>\n<td>Zinsen<\/td>\n<td>30.01.2015<\/td>\n<td style=\"text-align: right;\">33,14 \u20ac<\/td>\n<\/tr>\n<tr>\n<td>Ing. DiBa<\/td>\n<td>Zinsen<\/td>\n<td>28.02.2015<\/td>\n<td style=\"text-align: right;\">33,14 \u20ac<\/td>\n<\/tr>\n<tr>\n<td>Ing. DiBa<\/td>\n<td>Aval-Zinsen<\/td>\n<td>30.03.2015<\/td>\n<td style=\"text-align: right;\">33,14 \u20ac<\/td>\n<\/tr>\n<tr>\n<td>Aldi<\/td>\n<td>Fensterfolien f\u00fcr Bad &amp; WC<\/td>\n<td>18.04.2015<\/td>\n<td style=\"text-align: right;\">11,98 \u20ac<\/td>\n<\/tr>\n<tr>\n<td>Obi<\/td>\n<td>Baufolie<\/td>\n<td>25.04.2015<\/td>\n<td style=\"text-align: right;\">8,99 \u20ac<\/td>\n<\/tr>\n<tr>\n<td>Ing. DiBa<\/td>\n<td>Aval-Zinsen<\/td>\n<td>30.04.2015<\/td>\n<td style=\"text-align: right;\">33,14 \u20ac<\/td>\n<\/tr>\n<tr>\n<td>Town&amp;Country<\/td>\n<td>Baumeinmessung<\/td>\n<td>04.05.2015<\/td>\n<td style=\"text-align: right;\">200,00 \u20ac<\/td>\n<\/tr>\n<tr>\n<td>Town&amp;Country<\/td>\n<td>Bauschutt<\/td>\n<td>04.05.2015<\/td>\n<td style=\"text-align: right;\">282,74 \u20ac<\/td>\n<\/tr>\n<tr>\n<td>Town&amp;Country<\/td>\n<td>Baumst\u00fcmpfe entfernen<\/td>\n<td>04.05.2015<\/td>\n<td style=\"text-align: right;\">942,48 \u20ac<\/td>\n<\/tr>\n<tr>\n<td>Town&amp;Country<\/td>\n<td>Baustrasse<\/td>\n<td>04.05.2015<\/td>\n<td style=\"text-align: right;\">1439,20 \u20ac<\/td>\n<\/tr>\n<tr>\n<td>Town&amp;Country<\/td>\n<td>Parkpolster<\/td>\n<td>04.05.2015<\/td>\n<td style=\"text-align: right;\">2650,36 \u20ac<\/td>\n<\/tr>\n<tr>\n<td>Town&amp;Country<\/td>\n<td>Baustellenerrichtung<\/td>\n<td>04.05.2015<\/td>\n<td style=\"text-align: right;\">12.149,70 \u20ac<\/td>\n<\/tr>\n<tr>\n<td>Town&amp;Country<\/td>\n<td>Rate 3 Bodenplatte<\/td>\n<td>08.05.2015<\/td>\n<td style=\"text-align: right;\">12.861,70 \u20ac<\/td>\n<\/tr>\n<tr>\n<td>Stadt Aachen<\/td>\n<td>Baulasteneintragung<\/td>\n<td>16.05.2015<\/td>\n<td style=\"text-align: right;\">650,00 \u20ac<\/td>\n<\/tr>\n<tr>\n<td>Stadt Aachen<\/td>\n<td>Baugenehmigung<\/td>\n<td>27.05.2015<\/td>\n<td style=\"text-align: right;\">291,00 \u20ac<\/td>\n<\/tr>\n<tr>\n<td>Town&amp;Country<\/td>\n<td>Rate 4 Fertigstellung tragende W\u00e4nde<\/td>\n<td>28.05.2015<\/td>\n<td style=\"text-align: right;\">19.292,55 \u20ac<\/td>\n<\/tr>\n<tr>\n<td>Elektriker<\/td>\n<td>Verlegung Hauptstrom Versorgerschrank zu Hauswirtschaftsraum<\/td>\n<td>29.05.2015<\/td>\n<td style=\"text-align: right;\">980,56 \u20ac<\/td>\n<\/tr>\n<tr>\n<td>Sanit\u00e4r<\/td>\n<td>Verlegung Gas \/ Wasser Versorgerschrank zu Hauswirtschaftsraum<\/td>\n<td>29.05.2015<\/td>\n<td style=\"text-align: right;\">1570,80 \u20ac<\/td>\n<\/tr>\n<tr>\n<td>Ing. DiBa<\/td>\n<td>Aval-Zinsen<\/td>\n<td>30.05.2015<\/td>\n<td style=\"text-align: right;\">48,99 \u20ac<\/td>\n<\/tr>\n<tr>\n<td>Town&amp;Country<\/td>\n<td>5. Rate Fertigstellung Dachstuhl<\/td>\n<td>01.06.2015<\/td>\n<td style=\"text-align: right;\">16.720,21 \u20ac<\/td>\n<\/tr>\n<tr>\n<td>Bauunternehmer<\/td>\n<td>Kanal + Versorgergraben<\/td>\n<td>01.06.2015<\/td>\n<td style=\"text-align: right;\">6616,40 \u20ac<\/td>\n<\/tr>\n<tr>\n<td>Town&amp;Country<\/td>\n<td>6. Rate Fertigstellung Dacheindeckung<\/td>\n<td>12.06.2015<\/td>\n<td style=\"text-align: right;\">15.434,04 \u20ac<\/td>\n<\/tr>\n<tr>\n<td>Town&amp;Country<\/td>\n<td>7. Rate Einbau Fenster und Haust\u00fcr<\/td>\n<td>12.06.2015<\/td>\n<td style=\"text-align: right;\">14.147,78 \u20ac<\/td>\n<\/tr>\n<tr>\n<td>Town&amp;Country<\/td>\n<td>Dacheinstiegluke<\/td>\n<td>12.06.2015<\/td>\n<td style=\"text-align: right;\">235,62 \u20ac<\/td>\n<\/tr>\n<tr>\n<td>Town&amp;Country<\/td>\n<td>2. Fenster Bodentief<\/td>\n<td>12.06.2015<\/td>\n<td style=\"text-align: right;\">360,00 \u20ac<\/td>\n<\/tr>\n<tr>\n<td>Town&amp;Country<\/td>\n<td>Mehrkosten Fenster &amp; Haust\u00fcre<\/td>\n<td>12.06.2015<\/td>\n<td style=\"text-align: right;\">620,00 \u20ac<\/td>\n<\/tr>\n<tr>\n<td>Town&amp;Country<\/td>\n<td>Mehrkosten nach Wiegeschein Baumst\u00fcmpfe<\/td>\n<td>12.06.2015<\/td>\n<td style=\"text-align: right;\">263,89 \u20ac<\/td>\n<\/tr>\n<tr>\n<td>Town&amp;Country<\/td>\n<td>Mehrkosten nach Wiegeschein Baumschutt<\/td>\n<td>12.06.2015<\/td>\n<td style=\"text-align: right;\">500,45 \u20ac<\/td>\n<\/tr>\n<tr>\n<td>Dachdecker<\/td>\n<td>Installation Satsch\u00fcsselhalter<\/td>\n<td>16.06.2015<\/td>\n<td style=\"text-align: right;\">250,00 \u20ac<\/td>\n<\/tr>\n<tr>\n<td>Bauhaus<\/td>\n<td>OSB Verlegeplatten<\/td>\n<td>15.07.2015<\/td>\n<td style=\"text-align: right;\">204,44 \u20ac<\/td>\n<\/tr>\n<tr>\n<td>Ing. DiBa<\/td>\n<td>Aval-Zinsen<\/td>\n<td>30.06.2015<\/td>\n<td style=\"text-align: right;\">140,45 \u20ac<\/td>\n<\/tr>\n<tr>\n<td>Ing. DiBa<\/td>\n<td>Aval-Zinsen<\/td>\n<td>30.07.2015<\/td>\n<td style=\"text-align: right;\">176,63 \u20ac<\/td>\n<\/tr>\n<tr>\n<td>Town&amp;Country<\/td>\n<td>8. Rate Rohinstallation Elektro, Sanit\u00e4r, Heizung<\/td>\n<td>04.08.2015<\/td>\n<td style=\"text-align: right;\">18.006.38 \u20ac<\/td>\n<\/tr>\n<tr>\n<td>Town&amp;Country<\/td>\n<td>Grundrissanpassung<\/td>\n<td>04.08.2015<\/td>\n<td style=\"text-align: right;\">2593,00 \u20ac<\/td>\n<\/tr>\n<tr>\n<td>Ebay<\/td>\n<td>Fliesenschneider 600mm<\/td>\n<td>09.08.2015<\/td>\n<td style=\"text-align: right;\">63,89 \u20ac<\/td>\n<\/tr>\n<tr>\n<td>Bauhaus<\/td>\n<td>Erdstampfer, Richtschnur<\/td>\n<td>14.08.2015<\/td>\n<td style=\"text-align: right;\">34,60 \u20ac<\/td>\n<\/tr>\n<tr>\n<td>Obi<\/td>\n<td>Dekoputz und Sperrgrund<\/td>\n<td>14.08.2015<\/td>\n<td style=\"text-align: right;\">199,92 \u20ac<\/td>\n<\/tr>\n<tr>\n<td>Obi<\/td>\n<td>Pflastersteine, Tapete, Split<\/td>\n<td>14.08.2015<\/td>\n<td style=\"text-align: right;\">139,59 \u20ac<\/td>\n<\/tr>\n<tr>\n<td>Hornbach<\/td>\n<td>Tiefenbordstein &#038; Noppenbahn<\/td>\n<td>18.08.2015<\/td>\n<td style=\"text-align: right;\">15,80 \u20ac<\/td>\n<\/tr>\n<tr>\n<td>Stadt Aachen<\/td>\n<td>Hausnummerierung<\/td>\n<td>22.08.2015<\/td>\n<td style=\"text-align: right;\">20,00 \u20ac<\/td>\n<\/tr>\n<\/tbody>\n<\/table>\n<p>&nbsp;<\/p>\n","protected":false},"excerpt":{"rendered":"<p>Hier werden die anfallenden Kosten aufgelistet, die vor und w\u00e4hrend der Bauphase anfallen. Wir haben und entschlossen die Kosten zu ver\u00f6ffentlichen, da uns bei unseren Recherchen und auch durchlesen von Baublogs eigentlich immer die Information fehlte, was welcher Posten kosten &hellip; <a class=\"more-link\" href=\"https:\/\/baublog.schmetz.info\/?page_id=32\">Weiterlesen <span class=\"meta-nav\">&rarr;<\/span><\/a><\/p>\n","protected":false},"author":1,"featured_media":0,"parent":0,"menu_order":9,"comment_status":"open","ping_status":"open","template":"","meta":{"_s2mail":"yes","footnotes":""},"class_list":["post-32","page","type-page","status-publish","hentry"],"_links":{"self":[{"href":"https:\/\/baublog.schmetz.info\/index.php?rest_route=\/wp\/v2\/pages\/32","targetHints":{"allow":["GET"]}}],"collection":[{"href":"https:\/\/baublog.schmetz.info\/index.php?rest_route=\/wp\/v2\/pages"}],"about":[{"href":"https:\/\/baublog.schmetz.info\/index.php?rest_route=\/wp\/v2\/types\/page"}],"author":[{"embeddable":true,"href":"https:\/\/baublog.schmetz.info\/index.php?rest_route=\/wp\/v2\/users\/1"}],"replies":[{"embeddable":true,"href":"https:\/\/baublog.schmetz.info\/index.php?rest_route=%2Fwp%2Fv2%2Fcomments&post=32"}],"version-history":[{"count":69,"href":"https:\/\/baublog.schmetz.info\/index.php?rest_route=\/wp\/v2\/pages\/32\/revisions"}],"predecessor-version":[{"id":1247,"href":"https:\/\/baublog.schmetz.info\/index.php?rest_route=\/wp\/v2\/pages\/32\/revisions\/1247"}],"wp:attachment":[{"href":"https:\/\/baublog.schmetz.info\/index.php?rest_route=%2Fwp%2Fv2%2Fmedia&parent=32"}],"curies":[{"name":"wp","href":"https:\/\/api.w.org\/{rel}","templated":true}]}}