{"id":11,"date":"2014-04-01T00:00:48","date_gmt":"2014-03-31T22:00:48","guid":{"rendered":"http:\/\/baublog.schmetz.info\/?page_id=11"},"modified":"2015-06-12T20:50:52","modified_gmt":"2015-06-12T18:50:52","slug":"startseite","status":"publish","type":"page","link":"https:\/\/baublog.schmetz.info\/","title":{"rendered":"Startseite"},"content":{"rendered":"<p><strong>Willkommen im Baublog der Familie Schmetz.<\/strong><br \/>\nHier beschreiben wir unsere Fortschritte und Ereignisse auf dem Weg zu unserem Eigenheim.<\/p>\n<p>Die ersten Erkundigungen ob, was und wie wir bauen begannen bereits im Februar 2014. Seit April 2014 sind alle Informationen, ob das f\u00fcr uns stemmbar ist, soweit zusammen getragen, das wir sagen k\u00f6nnen wir nehmen das Projekt auf.<\/p>\n<p><strong>Wo?<\/strong><br \/>\nIn Aachen Forst teilen wir das elterliche Gel\u00e4nde in zwei Teilst\u00fccke. Dort bebauen wir den hinteren Grundst\u00fccksbereich mit einem freistehenden Einfamilienhaus.<\/p>\n<p><strong>Mit wem?<\/strong><br \/>\nDie Planung und den Bauvorgang \u00fcbernimmt die Firma MP Projektmanagement GmbH. Lizenzgeber des Bauunternehmens ist Town &amp; Country. Ihren Sitz hat das B\u00fcro in Herzogenrath bei Aachen.<\/p>\n<p>Als finanzierende Bank, steht uns die Ing-DiBa zur Seite.<\/p>\n<p><strong>Was?<\/strong><br \/>\nGebaut wird ein 90m\u00b2 eineinhalbgeschossiges Einfamilienhaus der Serie &#8220;Raumwunder 90&#8221; mit Solarpanel unterst\u00fctzter Gasbrennwerttherme.<\/p>\n<p><iframe loading=\"lazy\" src=\"\/\/www.youtube.com\/embed\/P_sQRq-T8MY\" width=\"640\" height=\"360\" frameborder=\"0\" allowfullscreen=\"allowfullscreen\"><\/iframe><\/p>\n<p>Wir w\u00fcnschen euch viel Spa\u00df beim lesen.<br \/>\nMiriam und Marcus<\/p>\n","protected":false},"excerpt":{"rendered":"<p>Willkommen im Baublog der Familie Schmetz. Hier beschreiben wir unsere Fortschritte und Ereignisse auf dem Weg zu unserem Eigenheim. Die ersten Erkundigungen ob, was und wie wir bauen begannen bereits im Februar 2014. Seit April 2014 sind alle Informationen, ob &hellip; <a class=\"more-link\" href=\"https:\/\/baublog.schmetz.info\/\">Weiterlesen <span class=\"meta-nav\">&rarr;<\/span><\/a><\/p>\n","protected":false},"author":1,"featured_media":0,"parent":0,"menu_order":0,"comment_status":"closed","ping_status":"open","template":"","meta":{"_s2mail":"yes","footnotes":""},"class_list":["post-11","page","type-page","status-publish","hentry"],"_links":{"self":[{"href":"https:\/\/baublog.schmetz.info\/index.php?rest_route=\/wp\/v2\/pages\/11","targetHints":{"allow":["GET"]}}],"collection":[{"href":"https:\/\/baublog.schmetz.info\/index.php?rest_route=\/wp\/v2\/pages"}],"about":[{"href":"https:\/\/baublog.schmetz.info\/index.php?rest_route=\/wp\/v2\/types\/page"}],"author":[{"embeddable":true,"href":"https:\/\/baublog.schmetz.info\/index.php?rest_route=\/wp\/v2\/users\/1"}],"replies":[{"embeddable":true,"href":"https:\/\/baublog.schmetz.info\/index.php?rest_route=%2Fwp%2Fv2%2Fcomments&post=11"}],"version-history":[{"count":24,"href":"https:\/\/baublog.schmetz.info\/index.php?rest_route=\/wp\/v2\/pages\/11\/revisions"}],"predecessor-version":[{"id":869,"href":"https:\/\/baublog.schmetz.info\/index.php?rest_route=\/wp\/v2\/pages\/11\/revisions\/869"}],"wp:attachment":[{"href":"https:\/\/baublog.schmetz.info\/index.php?rest_route=%2Fwp%2Fv2%2Fmedia&parent=11"}],"curies":[{"name":"wp","href":"https:\/\/api.w.org\/{rel}","templated":true}]}}